{"id":14,"date":"2023-03-02T16:55:28","date_gmt":"2023-03-02T16:55:28","guid":{"rendered":"https:\/\/galileo.edu.ar\/sitio23\/?page_id=14"},"modified":"2025-11-28T18:02:17","modified_gmt":"2025-11-28T18:02:17","slug":"home","status":"publish","type":"page","link":"https:\/\/galileo.edu.ar\/sitio23\/","title":{"rendered":"Home"},"content":{"rendered":"\n<div class=\"wp-block-cover alignfull has-parallax is-style-default has-huge-font-size\" style=\"padding-top:0;padding-right:0;padding-bottom:0;padding-left:0;min-height:336px;aspect-ratio:unset;\"><div class=\"wp-block-cover__image-background wp-image-179 has-parallax\" style=\"background-position:50% 50%;background-image:url(https:\/\/galileo.edu.ar\/sitio23\/wp-content\/uploads\/2023\/06\/banner_3-1.jpg)\"><\/div><span aria-hidden=\"true\" class=\"wp-block-cover__background has-white-background-color has-background-dim-0 has-background-dim\"><\/span><div class=\"wp-block-cover__inner-container is-layout-flow wp-block-cover-is-layout-flow\">\n<h1 class=\"wp-block-heading alignwide has-text-align-center has-huge-font-size\"><strong><mark style=\"background-color:rgba(0, 0, 0, 0);text-shadow: 0px 0px 11px #000000;color: #FFFFFF;\" class=\"has-inline-color has-white-color\">E.E.S.T. N\u00b05<br>\u00abGalileo Galilei\u00bb<\/mark><\/strong><\/h1>\n<\/div><\/div>\n\n\n\n<div style=\"height:21px\" aria-hidden=\"true\" class=\"wp-block-spacer\"><\/div>\n\n\n\n<div class=\"wp-block-columns alignwide is-layout-flex wp-container-core-columns-is-layout-9d6595d7 wp-block-columns-is-layout-flex\">\n<div class=\"wp-block-column is-layout-flow wp-block-column-is-layout-flow\">\n<figure class=\"wp-block-image alignfull size-large\"><a href=\"https:\/\/galileo.edu.ar\/sitio23\/informatica\/\"><img loading=\"lazy\" decoding=\"async\" width=\"576\" height=\"1024\" src=\"https:\/\/galileo.edu.ar\/sitio23\/wp-content\/uploads\/2023\/11\/1-1-576x1024.png\" alt=\"\" class=\"wp-image-728\" srcset=\"https:\/\/galileo.edu.ar\/sitio23\/wp-content\/uploads\/2023\/11\/1-1-576x1024.png 576w, https:\/\/galileo.edu.ar\/sitio23\/wp-content\/uploads\/2023\/11\/1-1-169x300.png 169w, https:\/\/galileo.edu.ar\/sitio23\/wp-content\/uploads\/2023\/11\/1-1-768x1365.png 768w, https:\/\/galileo.edu.ar\/sitio23\/wp-content\/uploads\/2023\/11\/1-1-864x1536.png 864w, https:\/\/galileo.edu.ar\/sitio23\/wp-content\/uploads\/2023\/11\/1-1.png 1080w\" sizes=\"auto, (max-width: 576px) 100vw, 576px\" \/><\/a><\/figure>\n<\/div>\n\n\n\n<div class=\"wp-block-column is-layout-flow wp-block-column-is-layout-flow\">\n<figure class=\"wp-block-image size-large\"><a href=\"https:\/\/galileo.edu.ar\/sitio23\/multimedios\/\"><img loading=\"lazy\" decoding=\"async\" width=\"576\" height=\"1024\" src=\"https:\/\/galileo.edu.ar\/sitio23\/wp-content\/uploads\/2023\/11\/2-576x1024.png\" alt=\"\" class=\"wp-image-729\" srcset=\"https:\/\/galileo.edu.ar\/sitio23\/wp-content\/uploads\/2023\/11\/2-576x1024.png 576w, https:\/\/galileo.edu.ar\/sitio23\/wp-content\/uploads\/2023\/11\/2-169x300.png 169w, https:\/\/galileo.edu.ar\/sitio23\/wp-content\/uploads\/2023\/11\/2-768x1365.png 768w, https:\/\/galileo.edu.ar\/sitio23\/wp-content\/uploads\/2023\/11\/2-864x1536.png 864w, https:\/\/galileo.edu.ar\/sitio23\/wp-content\/uploads\/2023\/11\/2.png 1080w\" sizes=\"auto, (max-width: 576px) 100vw, 576px\" \/><\/a><\/figure>\n<\/div>\n\n\n\n<div class=\"wp-block-column is-layout-flow wp-block-column-is-layout-flow\">\n<figure class=\"wp-block-image size-large\"><a href=\"https:\/\/galileo.edu.ar\/sitio23\/programacion\/\"><img loading=\"lazy\" decoding=\"async\" width=\"576\" height=\"1024\" src=\"https:\/\/galileo.edu.ar\/sitio23\/wp-content\/uploads\/2023\/11\/3-576x1024.png\" alt=\"\" class=\"wp-image-730\" srcset=\"https:\/\/galileo.edu.ar\/sitio23\/wp-content\/uploads\/2023\/11\/3-576x1024.png 576w, https:\/\/galileo.edu.ar\/sitio23\/wp-content\/uploads\/2023\/11\/3-169x300.png 169w, https:\/\/galileo.edu.ar\/sitio23\/wp-content\/uploads\/2023\/11\/3-768x1365.png 768w, https:\/\/galileo.edu.ar\/sitio23\/wp-content\/uploads\/2023\/11\/3-864x1536.png 864w, https:\/\/galileo.edu.ar\/sitio23\/wp-content\/uploads\/2023\/11\/3.png 1080w\" sizes=\"auto, (max-width: 576px) 100vw, 576px\" \/><\/a><\/figure>\n<\/div>\n<\/div>\n\n\n\n<hr class=\"wp-block-separator has-alpha-channel-opacity\"\/>\n\n\n\n<div class=\"alignwide\"><div id=\"metaslider-id-96\" style=\"width: 100%; margin: 0 auto;\" class=\"ml-slider-3-108-0 metaslider metaslider-flex metaslider-96 ml-slider has-dots-nav has-carousel-mode ms-theme-default\" role=\"region\" aria-label=\"home\" data-height=\"650\" data-width=\"1366\">\n    <div id=\"metaslider_container_96\">\n        <div id=\"metaslider_96\">\n            <ul class='slides'>\n                <li style=\"display: none; width: 100%;\" class=\"slide-603 ms-image \" aria-roledescription=\"slide\" data-date=\"2023-10-17 19:14:12\" data-filename=\"IMG_3058-scaled-1366x650.jpg\" data-slide-type=\"image\"><img loading=\"lazy\" decoding=\"async\" src=\"https:\/\/galileo.edu.ar\/sitio23\/wp-content\/uploads\/2023\/10\/IMG_3058-scaled-1366x650.jpg\" height=\"650\" width=\"1366\" alt=\"\" class=\"slider-96 slide-603 msDefaultImage\" title=\"IMG_3058\" \/><\/li>\n                <li style=\"display: none; width: 100%;\" class=\"slide-596 ms-image \" aria-roledescription=\"slide\" data-date=\"2023-10-17 19:10:59\" data-filename=\"E01D4EEE-FD67-4DA0-856B-6E58BBDB6526_1_105_c-1024x487.jpeg\" data-slide-type=\"image\"><img loading=\"lazy\" decoding=\"async\" src=\"https:\/\/galileo.edu.ar\/sitio23\/wp-content\/uploads\/2023\/10\/E01D4EEE-FD67-4DA0-856B-6E58BBDB6526_1_105_c-1024x487.jpeg\" height=\"650\" width=\"1366\" alt=\"\" class=\"slider-96 slide-596 msDefaultImage\" title=\"E01D4EEE-FD67-4DA0-856B-6E58BBDB6526_1_105_c\" \/><\/li>\n                <li style=\"display: none; width: 100%;\" class=\"slide-595 ms-image \" aria-roledescription=\"slide\" data-date=\"2023-10-17 19:10:59\" data-filename=\"photo_2023-08-14-11.16.18-1280x609.jpeg\" data-slide-type=\"image\"><img loading=\"lazy\" decoding=\"async\" src=\"https:\/\/galileo.edu.ar\/sitio23\/wp-content\/uploads\/2023\/10\/photo_2023-08-14-11.16.18-1280x609.jpeg\" height=\"650\" width=\"1366\" alt=\"\" class=\"slider-96 slide-595 msDefaultImage\" title=\"photo_2023-08-14 11.16.18\" \/><\/li>\n                <li style=\"display: none; width: 100%;\" class=\"slide-597 ms-image \" aria-roledescription=\"slide\" data-date=\"2023-10-17 19:10:59\" data-filename=\"2F49596A-BEC5-4ECB-A0C3-FBF56E245BF6_1_105_c-1024x487.jpeg\" data-slide-type=\"image\"><img loading=\"lazy\" decoding=\"async\" src=\"https:\/\/galileo.edu.ar\/sitio23\/wp-content\/uploads\/2023\/10\/2F49596A-BEC5-4ECB-A0C3-FBF56E245BF6_1_105_c-1024x487.jpeg\" height=\"650\" width=\"1366\" alt=\"\" class=\"slider-96 slide-597 msDefaultImage\" title=\"2F49596A-BEC5-4ECB-A0C3-FBF56E245BF6_1_105_c\" \/><\/li>\n                <li style=\"display: none; width: 100%;\" class=\"slide-598 ms-image \" aria-roledescription=\"slide\" data-date=\"2023-10-17 19:10:59\" data-filename=\"CD17AF3A-710C-475E-A203-83FAD6167F04_1_105_c-1024x487.jpeg\" data-slide-type=\"image\"><img loading=\"lazy\" decoding=\"async\" src=\"https:\/\/galileo.edu.ar\/sitio23\/wp-content\/uploads\/2023\/10\/CD17AF3A-710C-475E-A203-83FAD6167F04_1_105_c-1024x487.jpeg\" height=\"650\" width=\"1366\" alt=\"\" class=\"slider-96 slide-598 msDefaultImage\" title=\"CD17AF3A-710C-475E-A203-83FAD6167F04_1_105_c\" \/><\/li>\n                <li style=\"display: none; width: 100%;\" class=\"slide-605 ms-image \" aria-roledescription=\"slide\" data-date=\"2023-10-17 19:14:12\" data-filename=\"IMG_3061-scaled-1366x650.jpg\" data-slide-type=\"image\"><img loading=\"lazy\" decoding=\"async\" src=\"https:\/\/galileo.edu.ar\/sitio23\/wp-content\/uploads\/2023\/10\/IMG_3061-scaled-1366x650.jpg\" height=\"650\" width=\"1366\" alt=\"\" class=\"slider-96 slide-605 msDefaultImage\" title=\"IMG_3061\" \/><\/li>\n                <li style=\"display: none; width: 100%;\" class=\"slide-599 ms-image \" aria-roledescription=\"slide\" data-date=\"2023-10-17 19:10:59\" data-filename=\"photo_2023-08-14-11.16.12-1280x609.jpeg\" data-slide-type=\"image\"><img loading=\"lazy\" decoding=\"async\" src=\"https:\/\/galileo.edu.ar\/sitio23\/wp-content\/uploads\/2023\/10\/photo_2023-08-14-11.16.12-1280x609.jpeg\" height=\"650\" width=\"1366\" alt=\"\" class=\"slider-96 slide-599 msDefaultImage\" title=\"photo_2023-08-14 11.16.12\" \/><\/li>\n                <li style=\"display: none; width: 100%;\" class=\"slide-604 ms-image \" aria-roledescription=\"slide\" data-date=\"2023-10-17 19:14:12\" data-filename=\"IMG_3059-scaled-1366x650.jpg\" data-slide-type=\"image\"><img loading=\"lazy\" decoding=\"async\" src=\"https:\/\/galileo.edu.ar\/sitio23\/wp-content\/uploads\/2023\/10\/IMG_3059-scaled-1366x650.jpg\" height=\"650\" width=\"1366\" alt=\"\" class=\"slider-96 slide-604 msDefaultImage\" title=\"IMG_3059\" \/><\/li>\n                <li style=\"display: none; width: 100%;\" class=\"slide-616 ms-image \" aria-roledescription=\"slide\" data-date=\"2023-10-17 23:11:53\" data-filename=\"photo_2023-09-07-20.46.00-e1694130766402-1002x477.jpeg\" data-slide-type=\"image\"><img loading=\"lazy\" decoding=\"async\" src=\"https:\/\/galileo.edu.ar\/sitio23\/wp-content\/uploads\/2023\/09\/photo_2023-09-07-20.46.00-e1694130766402-1002x477.jpeg\" height=\"650\" width=\"1366\" alt=\"\" class=\"slider-96 slide-616 msDefaultImage\" title=\"photo_2023-09-07 20.46.00\" \/><\/li>\n                <li style=\"display: none; width: 100%;\" class=\"slide-617 ms-image \" aria-roledescription=\"slide\" data-date=\"2023-10-17 23:11:53\" data-filename=\"photo_2023-09-07-20.45.52-1280x609.jpeg\" data-slide-type=\"image\"><img loading=\"lazy\" decoding=\"async\" src=\"https:\/\/galileo.edu.ar\/sitio23\/wp-content\/uploads\/2023\/09\/photo_2023-09-07-20.45.52-1280x609.jpeg\" height=\"650\" width=\"1366\" alt=\"\" class=\"slider-96 slide-617 msDefaultImage\" title=\"photo_2023-09-07 20.45.52\" \/><\/li>\n                <li style=\"display: none; width: 100%;\" class=\"slide-618 ms-image \" aria-roledescription=\"slide\" data-date=\"2023-10-17 23:11:53\" data-filename=\"IMG_1910-scaled-1366x650.jpg\" data-slide-type=\"image\"><img loading=\"lazy\" decoding=\"async\" src=\"https:\/\/galileo.edu.ar\/sitio23\/wp-content\/uploads\/2023\/09\/IMG_1910-scaled-1366x650.jpg\" height=\"650\" width=\"1366\" alt=\"\" class=\"slider-96 slide-618 msDefaultImage\" title=\"IMG_1910\" \/><\/li>\n            <\/ul>\n        <\/div>\n        \n    <\/div>\n<\/div><\/div>\n\n\n\n<h2 class=\"wp-block-heading alignwide has-text-align-center\" style=\"font-size:36px;font-style:normal;font-weight:700;text-transform:uppercase\">ubicaci\u00f3n<\/h2>\n\n\n\n<div class=\"wp-block-columns alignwide are-vertically-aligned-center has-black-color has-text-color has-background is-layout-flex wp-container-core-columns-is-layout-95e72c11 wp-block-columns-is-layout-flex\" style=\"background-color:#64a644;padding-top:var(--wp--preset--spacing--40);padding-right:var(--wp--preset--spacing--40);padding-bottom:var(--wp--preset--spacing--40);padding-left:var(--wp--preset--spacing--40)\">\n<div class=\"wp-block-column is-vertically-aligned-center is-layout-flow wp-block-column-is-layout-flow\" style=\"flex-basis:100%\">\n<p><strong>Direcci\u00f3n:<\/strong><br> Av. Eva Per\u00f3n (121) N\u00b0 4541 <br> (entre Jose Hernandez(110) y Chacabuco(108))<br> Villa Bonich &#8211; General San Mart\u00edn Buenos Aires <br><strong>Tel.<\/strong> 11 4768 2034 &#8211; 11 6080 2589<br><strong>E-Mail:<\/strong> info@galileo.edu.ar<\/p>\n<\/div>\n\n\n\n<div class=\"wp-block-column is-vertically-aligned-center is-layout-flow wp-block-column-is-layout-flow\"><\/div>\n\n\n\n<div class=\"wp-block-column is-vertically-aligned-center is-layout-flow wp-block-column-is-layout-flow\" style=\"flex-basis:100%\">\n\t\t\t\t<div class='mapster-wp-maps-container'>\n\t\t\t\t<div class='mapster-wp-maps-loader-container' style='height: 300px;width: 100%;'>\n\t\t\t\t\t<div class='mapster-map-loader-initial' style='background-color: rgba(255,255,255,0.6)'>\n\t\t\t\t\t\t<svg stroke=\"rgba(0, 0, 0, 0.3)\" fill=\"rgba(0, 0, 0, 0.3)\"width=\"38\" height=\"38\" viewBox=\"0 0 38 38\" xmlns=\"http:\/\/www.w3.org\/2000\/svg\" stroke=\"#fff\"> <g fill=\"none\" fill-rule=\"evenodd\"> <g transform=\"translate(1 1)\" stroke-width=\"2\"> <circle stroke-opacity=\".5\" cx=\"18\" cy=\"18\" r=\"18\"\/> <path d=\"M36 18c0-9.94-8.06-18-18-18\"> <animateTransform attributeName=\"transform\" type=\"rotate\" from=\"0 18 18\" to=\"360 18 18\" dur=\"1s\" repeatCount=\"indefinite\"\/> <\/path> <\/g> <\/g> <\/svg>\n\t\t\t\t\t<\/div>\n\t\t\t\t<\/div>\n\t\t\t\t<div class='mapster-wp-maps'\n\t\t\t\t\tid='mapster-wp-maps-562'\n\t\t\t\t\tdata-id='562'\n\t\t\t\t\tdata-latitude='null'\n\t\t\t\t\tdata-longitude='null'\n\t\t\t\t\tdata-zoom='null'\n\t\t\t\t\tdata-single_feature_id=''\n\t\t\t\t\tdata-feature_ids=''>\n\t\t\t\t<\/div>\n\t\t\t\t\n\t\t\t<\/div>\n\t\t<\/div>\n<\/div>\n\n\n\n<p><\/p>\n","protected":false},"excerpt":{"rendered":"<p>ubicaci\u00f3n Direcci\u00f3n: Av. Eva Per\u00f3n (121) N\u00b0 4541 (entre Jose Hernandez(110) y Chacabuco(108)) Villa Bonich &#8211; General San Mart\u00edn Buenos Aires Tel. 11 4768 2034 &#8211; 11 6080 2589E-Mail: info@galileo.edu.ar<\/p>\n","protected":false},"author":1,"featured_media":0,"parent":0,"menu_order":0,"comment_status":"closed","ping_status":"closed","template":"","meta":{"_acf_changed":false,"footnotes":""},"class_list":["post-14","page","type-page","status-publish","hentry","entry"],"acf":[],"_links":{"self":[{"href":"https:\/\/galileo.edu.ar\/sitio23\/wp-json\/wp\/v2\/pages\/14","targetHints":{"allow":["GET"]}}],"collection":[{"href":"https:\/\/galileo.edu.ar\/sitio23\/wp-json\/wp\/v2\/pages"}],"about":[{"href":"https:\/\/galileo.edu.ar\/sitio23\/wp-json\/wp\/v2\/types\/page"}],"author":[{"embeddable":true,"href":"https:\/\/galileo.edu.ar\/sitio23\/wp-json\/wp\/v2\/users\/1"}],"replies":[{"embeddable":true,"href":"https:\/\/galileo.edu.ar\/sitio23\/wp-json\/wp\/v2\/comments?post=14"}],"version-history":[{"count":70,"href":"https:\/\/galileo.edu.ar\/sitio23\/wp-json\/wp\/v2\/pages\/14\/revisions"}],"predecessor-version":[{"id":836,"href":"https:\/\/galileo.edu.ar\/sitio23\/wp-json\/wp\/v2\/pages\/14\/revisions\/836"}],"wp:attachment":[{"href":"https:\/\/galileo.edu.ar\/sitio23\/wp-json\/wp\/v2\/media?parent=14"}],"curies":[{"name":"wp","href":"https:\/\/api.w.org\/{rel}","templated":true}]}}