{"id":35,"date":"2023-03-02T17:30:27","date_gmt":"2023-03-02T17:30:27","guid":{"rendered":"https:\/\/galileo.edu.ar\/sitio23\/?page_id=35"},"modified":"2023-09-08T00:31:45","modified_gmt":"2023-09-08T00:31:45","slug":"historia","status":"publish","type":"page","link":"https:\/\/galileo.edu.ar\/sitio23\/historia\/","title":{"rendered":"Historia"},"content":{"rendered":"\n<div class=\"wp-block-media-text alignwide has-media-on-the-right is-stacked-on-mobile is-style-default\" style=\"grid-template-columns:auto 37%\"><div class=\"wp-block-media-text__content\">\n<p>La Escuela naci\u00f3 en 1985 por una necesidad en la zona, ante una mayor demanda de parte del alumnado por ingresar a la Educaci\u00f3n T\u00e9cnica y la falta de vacantes en las escuelas del partido. As\u00ed, por medio de la resoluci\u00f3n N\u00b0674 del ya desaparecido Consejo Nacional de Educaci\u00f3n T\u00e9cnica (CONET) naci\u00f3 nuestra Escuela, con el nombre de Escuela de Educaci\u00f3n T\u00e9cnica N\u00b03 (ENET N\u00b03). Formada en un predio que no estaba pensado para ser Escuela, cont\u00f3 en un principio con 3 aulas, una oficina de secretar\u00eda, sala de profesores y 2 ba\u00f1os. Otras escuelas donaron los pizarrones, algunos elementos did\u00e1cticos y bancos sobrantes. Los primeros alumnos fueron aquellos que no resultaron favorecidos en los sorteos de las escuelas t\u00e9cnicas de la zona, aceptaron el desaf\u00edo de estudiar mientras constru\u00edan su propia escuela, siendo tambi\u00e9n part\u00edcipes las familias. Algunos de los padres inclusive han fundado la Cooperadora. De a poco y entre todos, se fue logrando construir un ambiente adecuado para el estudio \u00abPara nosotros la escuela es nuestra segunda casa porque la construimos nosotros tambi\u00e9n (.) era clases y construcci\u00f3n al mismo tiempo\u00bb Cuenta uno de los ex alumnos, que hoy forma parte del Cuerpo Docente. En la primera reuni\u00f3n de personal el Director fue muy claro: \u00abNo podemos ofrecer un lindo edificio, ni un gran equipamiento pero SI podemos ofrecer CALIDAD\u00bb. Durante 1986 el director propuso a los docentes capacitarse en computaci\u00f3n en la Universidad Tecnol\u00f3gica Nacional y surge esa especialidad para la escuela. Buscando siempre la calidad en la ense\u00f1anza, la capacitaci\u00f3n constante y la posibilidad de brindar nuevas opciones en educaci\u00f3n, se fue transformando ese galp\u00f3n, entre escombros y pozos, en la Escuela que tenemos hoy, con instalaciones apropiadas y equipamiento de \u00faltima tecnolog\u00eda.<\/p>\n<\/div><figure class=\"wp-block-media-text__media\"><img loading=\"lazy\" decoding=\"async\" width=\"906\" height=\"1024\" src=\"https:\/\/galileo.edu.ar\/sitio23\/wp-content\/uploads\/2023\/09\/Recurso-110x15-1-906x1024.png\" alt=\"\" class=\"wp-image-462 size-full\" srcset=\"https:\/\/galileo.edu.ar\/sitio23\/wp-content\/uploads\/2023\/09\/Recurso-110x15-1-906x1024.png 906w, https:\/\/galileo.edu.ar\/sitio23\/wp-content\/uploads\/2023\/09\/Recurso-110x15-1-266x300.png 266w, https:\/\/galileo.edu.ar\/sitio23\/wp-content\/uploads\/2023\/09\/Recurso-110x15-1-768x868.png 768w, https:\/\/galileo.edu.ar\/sitio23\/wp-content\/uploads\/2023\/09\/Recurso-110x15-1-1360x1536.png 1360w, https:\/\/galileo.edu.ar\/sitio23\/wp-content\/uploads\/2023\/09\/Recurso-110x15-1-1813x2048.png 1813w, https:\/\/galileo.edu.ar\/sitio23\/wp-content\/uploads\/2023\/09\/Recurso-110x15-1-1568x1772.png 1568w\" sizes=\"auto, (max-width: 906px) 100vw, 906px\" \/><\/figure><\/div>\n\n\n\n<hr class=\"wp-block-separator alignfull has-alpha-channel-opacity\"\/>\n\n\n\n<h2 class=\"wp-block-heading alignwide\">EL SIMBOLO QUE NOS REPRESENTA<\/h2>\n\n\n\n<div class=\"wp-block-media-text alignwide has-media-on-the-right is-stacked-on-mobile\" style=\"grid-template-columns:auto 27%\"><div class=\"wp-block-media-text__content\">\n<p>En el a\u00f1o 1995, luego de un concurso que el que participaron los alumnos de todas las divisiones, y con un jurado integrado por ellos mismos, docentes y directivos, fu\u00e9 seleccionado el escudo que nos identifica. Luego de un concurso en el que participaron todos los alumnos, de todos los a\u00f1os, y con un jurado integrado por ellos mismos, docentes y directivos, se ha seleccionado este escudo que nos identifica.<\/p>\n<\/div><figure class=\"wp-block-media-text__media\"><img loading=\"lazy\" decoding=\"async\" width=\"853\" height=\"1024\" src=\"https:\/\/galileo.edu.ar\/sitio23\/wp-content\/uploads\/2023\/09\/escudo-01-01-853x1024.png\" alt=\"\" class=\"wp-image-223 size-full\" srcset=\"https:\/\/galileo.edu.ar\/sitio23\/wp-content\/uploads\/2023\/09\/escudo-01-01-853x1024.png 853w, https:\/\/galileo.edu.ar\/sitio23\/wp-content\/uploads\/2023\/09\/escudo-01-01-250x300.png 250w, https:\/\/galileo.edu.ar\/sitio23\/wp-content\/uploads\/2023\/09\/escudo-01-01-768x922.png 768w, https:\/\/galileo.edu.ar\/sitio23\/wp-content\/uploads\/2023\/09\/escudo-01-01-1280x1536.png 1280w, https:\/\/galileo.edu.ar\/sitio23\/wp-content\/uploads\/2023\/09\/escudo-01-01-1706x2048.png 1706w, https:\/\/galileo.edu.ar\/sitio23\/wp-content\/uploads\/2023\/09\/escudo-01-01-1568x1882.png 1568w\" sizes=\"auto, (max-width: 853px) 100vw, 853px\" \/><\/figure><\/div>\n\n\n\n<div class=\"wp-block-columns alignwide is-layout-flex wp-container-core-columns-is-layout-9d6595d7 wp-block-columns-is-layout-flex\">\n<div class=\"wp-block-column is-layout-flow wp-block-column-is-layout-flow\" style=\"flex-basis:100%\">\n<pre class=\"wp-block-verse\">La interpretaci\u00f3n del mismo fue realizada por el profesor <strong>Carlos Rold\u00e1n<\/strong>:\n\"Como centro un sol naciente, s\u00edmbolo de la afirmaci\u00f3n de la vida, del origen de la Fuerza. Emerge desde un plano al que el color verde propone como llanura f\u00e9rtil f\u00e1cilmente Reconocible en los argentinos por la pampa, el propio territorio, anclaje real. La pampa como s\u00edmbolo de todo el pa\u00eds, nuestro origen m\u00edtico agro-ganadero. Las columnas d\u00f3ricas, fuertes en primer plano, unen ese suelo con el de un origen y una actitud tambi\u00e9n fundadores en lo cultural: Grecia y el pensamiento cr\u00edtico, bases de la civilizaci\u00f3n occidental. Por su naturaleza y su riqueza est\u00e1 la otra fuente de riqueza: la humana, la creaci\u00f3n Consecuente de todo un saber. Un cielo l\u00edmpido concluye como subrayando ese encuentro de naturaleza y cultura en que la cultura es futuro. Se enmarca el emblema con la cinta az\u00fal y blanca reconocimiento de argentinidad.\"<\/pre>\n<\/div>\n<\/div>\n","protected":false},"excerpt":{"rendered":"<p>La Escuela naci\u00f3 en 1985 por una necesidad en la zona, ante una mayor demanda de parte del alumnado por ingresar a la Educaci\u00f3n T\u00e9cnica y la falta de vacantes en las escuelas del partido. As\u00ed, por medio de la resoluci\u00f3n N\u00b0674 del ya desaparecido Consejo Nacional de Educaci\u00f3n T\u00e9cnica (CONET) naci\u00f3 nuestra Escuela, con&hellip; <a class=\"more-link\" href=\"https:\/\/galileo.edu.ar\/sitio23\/historia\/\">Seguir leyendo <span class=\"screen-reader-text\">Historia<\/span><\/a><\/p>\n","protected":false},"author":1,"featured_media":0,"parent":0,"menu_order":0,"comment_status":"closed","ping_status":"closed","template":"","meta":{"_acf_changed":false,"footnotes":""},"class_list":["post-35","page","type-page","status-publish","hentry","entry"],"acf":[],"_links":{"self":[{"href":"https:\/\/galileo.edu.ar\/sitio23\/wp-json\/wp\/v2\/pages\/35","targetHints":{"allow":["GET"]}}],"collection":[{"href":"https:\/\/galileo.edu.ar\/sitio23\/wp-json\/wp\/v2\/pages"}],"about":[{"href":"https:\/\/galileo.edu.ar\/sitio23\/wp-json\/wp\/v2\/types\/page"}],"author":[{"embeddable":true,"href":"https:\/\/galileo.edu.ar\/sitio23\/wp-json\/wp\/v2\/users\/1"}],"replies":[{"embeddable":true,"href":"https:\/\/galileo.edu.ar\/sitio23\/wp-json\/wp\/v2\/comments?post=35"}],"version-history":[{"count":12,"href":"https:\/\/galileo.edu.ar\/sitio23\/wp-json\/wp\/v2\/pages\/35\/revisions"}],"predecessor-version":[{"id":475,"href":"https:\/\/galileo.edu.ar\/sitio23\/wp-json\/wp\/v2\/pages\/35\/revisions\/475"}],"wp:attachment":[{"href":"https:\/\/galileo.edu.ar\/sitio23\/wp-json\/wp\/v2\/media?parent=35"}],"curies":[{"name":"wp","href":"https:\/\/api.w.org\/{rel}","templated":true}]}}