{"id":37,"date":"2023-03-02T17:30:27","date_gmt":"2023-03-02T17:30:27","guid":{"rendered":"https:\/\/galileo.edu.ar\/sitio23\/?page_id=37"},"modified":"2024-02-22T16:39:22","modified_gmt":"2024-02-22T16:39:22","slug":"multimedios","status":"publish","type":"page","link":"https:\/\/galileo.edu.ar\/sitio23\/multimedios\/","title":{"rendered":"Multimedios"},"content":{"rendered":"\n<p>El T\u00e9cnico En Multimedios Estar\u00e1 Capacitado Para:<\/p>\n\n\n\n<ul class=\"wp-block-list\">\n<li>Conocer y aplicar las t\u00e9cnicas de producci\u00f3n y edici\u00f3n de textos medi\u00e1ticos.<\/li>\n\n\n\n<li>Desempe\u00f1arse con creatividad y actitud cr\u00edtica en producciones multimediales poniendo en pr\u00e1ctica el sustento te\u00f3rico de la Teor\u00edas de la Comunicaci\u00f3n.<\/li>\n\n\n\n<li>Elaborar guiones para producir, realizar y post-producir programas audiovisuales y radiales para los distintos medios de comunicaci\u00f3n social.<\/li>\n\n\n\n<li>Crear, desarrollar y posicionar productos y\/o servicios mediante el uso de t\u00e9cnicas multimediales.<\/li>\n\n\n\n<li>Seleccionar y manejar los lenguajes art\u00edstico-comunicacionales y los recursos tecnol\u00f3gicos involucrados en la producci\u00f3n multimedial.<\/li>\n\n\n\n<li>El t\u00e9cnico en multimedios obtendr\u00e1 formaci\u00f3n especializada que facilite cursar carreras universitarias vinculadas con el \u00e1rea de las ciencias sociales y de la comunicaci\u00f3n social.<\/li>\n<\/ul>\n\n\n\n<hr class=\"wp-block-separator aligncenter has-alpha-channel-opacity\"\/>\n\n\n\n<div class=\"alignnormal\"><div id=\"metaslider-id-232\" style=\"width: 100%; margin: 0 auto;\" class=\"ml-slider-3-108-0 metaslider metaslider-flex metaslider-232 ml-slider has-dots-nav has-carousel-mode ms-theme-default\" role=\"region\" aria-label=\"multi\" data-height=\"768\" data-width=\"1366\">\n    <div id=\"metaslider_container_232\">\n        <div id=\"metaslider_232\">\n            <ul class='slides'>\n                <li style=\"display: none; width: 100%;\" class=\"slide-373 ms-image \" aria-roledescription=\"slide\" data-date=\"2023-09-07 00:11:29\" data-filename=\"IMG_9033-scaled-1366x768.jpg\" data-slide-type=\"image\"><img loading=\"lazy\" decoding=\"async\" src=\"https:\/\/galileo.edu.ar\/sitio23\/wp-content\/uploads\/2023\/09\/IMG_9033-scaled-1366x768.jpg\" height=\"768\" width=\"1366\" alt=\"\" class=\"slider-232 slide-373 msDefaultImage\" title=\"IMG_9033\" \/><\/li>\n                <li style=\"display: none; width: 100%;\" class=\"slide-374 ms-image \" aria-roledescription=\"slide\" data-date=\"2023-09-07 00:11:29\" data-filename=\"IMG_9030-scaled-1366x768.jpg\" data-slide-type=\"image\"><img loading=\"lazy\" decoding=\"async\" src=\"https:\/\/galileo.edu.ar\/sitio23\/wp-content\/uploads\/2023\/09\/IMG_9030-scaled-1366x768.jpg\" height=\"768\" width=\"1366\" alt=\"\" class=\"slider-232 slide-374 msDefaultImage\" title=\"IMG_9030\" \/><\/li>\n                <li style=\"display: none; width: 100%;\" class=\"slide-375 ms-image \" aria-roledescription=\"slide\" data-date=\"2023-09-07 00:11:29\" data-filename=\"IMG_9043-scaled-1366x768.jpg\" data-slide-type=\"image\"><img loading=\"lazy\" decoding=\"async\" src=\"https:\/\/galileo.edu.ar\/sitio23\/wp-content\/uploads\/2023\/09\/IMG_9043-scaled-1366x768.jpg\" height=\"768\" width=\"1366\" alt=\"\" class=\"slider-232 slide-375 msDefaultImage\" title=\"IMG_9043\" \/><\/li>\n                <li style=\"display: none; width: 100%;\" class=\"slide-376 ms-image \" aria-roledescription=\"slide\" data-date=\"2023-09-07 00:11:29\" data-filename=\"IMG_9040-scaled-1366x768.jpg\" data-slide-type=\"image\"><img loading=\"lazy\" decoding=\"async\" src=\"https:\/\/galileo.edu.ar\/sitio23\/wp-content\/uploads\/2023\/09\/IMG_9040-scaled-1366x768.jpg\" height=\"768\" width=\"1366\" alt=\"\" class=\"slider-232 slide-376 msDefaultImage\" title=\"IMG_9040\" \/><\/li>\n                <li style=\"display: none; width: 100%;\" class=\"slide-829 ms-image \" aria-roledescription=\"slide\" data-date=\"2025-11-17 19:50:31\" data-filename=\"IMG_0625-scaled-1366x768.jpg\" data-slide-type=\"image\"><img loading=\"lazy\" decoding=\"async\" src=\"https:\/\/galileo.edu.ar\/sitio23\/wp-content\/uploads\/2025\/11\/IMG_0625-scaled-1366x768.jpg\" height=\"768\" width=\"1366\" alt=\"\" class=\"slider-232 slide-829 msDefaultImage\" title=\"IMG_0625\" \/><\/li>\n                <li style=\"display: none; width: 100%;\" class=\"slide-830 ms-image \" aria-roledescription=\"slide\" data-date=\"2025-11-17 19:50:31\" data-filename=\"IMG_0627-scaled-1366x768.jpg\" data-slide-type=\"image\"><img loading=\"lazy\" decoding=\"async\" src=\"https:\/\/galileo.edu.ar\/sitio23\/wp-content\/uploads\/2025\/11\/IMG_0627-scaled-1366x768.jpg\" height=\"768\" width=\"1366\" alt=\"\" class=\"slider-232 slide-830 msDefaultImage\" title=\"IMG_0627\" \/><\/li>\n                <li style=\"display: none; width: 100%;\" class=\"slide-831 ms-image \" aria-roledescription=\"slide\" data-date=\"2025-11-17 19:50:31\" data-filename=\"IMG_0865-scaled-1366x768.jpg\" data-slide-type=\"image\"><img loading=\"lazy\" decoding=\"async\" src=\"https:\/\/galileo.edu.ar\/sitio23\/wp-content\/uploads\/2025\/11\/IMG_0865-scaled-1366x768.jpg\" height=\"768\" width=\"1366\" alt=\"\" class=\"slider-232 slide-831 msDefaultImage\" title=\"IMG_0865\" \/><\/li>\n            <\/ul>\n        <\/div>\n        \n    <\/div>\n<\/div><\/div>\n\n\n\n<h2 class=\"wp-block-heading\">Dise\u00f1o Curricular<\/h2>\n\n\n\n<div data-wp-interactive=\"core\/file\" class=\"wp-block-file\"><object data-wp-bind--hidden=\"!state.hasPdfPreview\" hidden class=\"wp-block-file__embed\" data=\"https:\/\/galileo.edu.ar\/sitio23\/wp-content\/uploads\/2024\/02\/Diseno-Curricular-Multimedios.doc.pdf\" type=\"application\/pdf\" style=\"width:100%;height:600px\" aria-label=\"Incrustado de Diseno-Curricular-Multimedios.doc.\"><\/object><a id=\"wp-block-file--media-a470d912-e50f-43fc-b299-41f3b6acca8d\" href=\"https:\/\/galileo.edu.ar\/sitio23\/wp-content\/uploads\/2024\/02\/Diseno-Curricular-Multimedios.doc.pdf\">Diseno-Curricular-Multimedios.doc<\/a><a href=\"https:\/\/galileo.edu.ar\/sitio23\/wp-content\/uploads\/2024\/02\/Diseno-Curricular-Multimedios.doc.pdf\" class=\"wp-block-file__button wp-element-button\" download aria-describedby=\"wp-block-file--media-a470d912-e50f-43fc-b299-41f3b6acca8d\">Descarga<\/a><\/div>\n","protected":false},"excerpt":{"rendered":"<p>El T\u00e9cnico En Multimedios Estar\u00e1 Capacitado Para: Dise\u00f1o Curricular<\/p>\n","protected":false},"author":1,"featured_media":450,"parent":0,"menu_order":0,"comment_status":"closed","ping_status":"closed","template":"","meta":{"_acf_changed":false,"footnotes":""},"class_list":["post-37","page","type-page","status-publish","has-post-thumbnail","hentry","entry"],"acf":[],"_links":{"self":[{"href":"https:\/\/galileo.edu.ar\/sitio23\/wp-json\/wp\/v2\/pages\/37","targetHints":{"allow":["GET"]}}],"collection":[{"href":"https:\/\/galileo.edu.ar\/sitio23\/wp-json\/wp\/v2\/pages"}],"about":[{"href":"https:\/\/galileo.edu.ar\/sitio23\/wp-json\/wp\/v2\/types\/page"}],"author":[{"embeddable":true,"href":"https:\/\/galileo.edu.ar\/sitio23\/wp-json\/wp\/v2\/users\/1"}],"replies":[{"embeddable":true,"href":"https:\/\/galileo.edu.ar\/sitio23\/wp-json\/wp\/v2\/comments?post=37"}],"version-history":[{"count":10,"href":"https:\/\/galileo.edu.ar\/sitio23\/wp-json\/wp\/v2\/pages\/37\/revisions"}],"predecessor-version":[{"id":736,"href":"https:\/\/galileo.edu.ar\/sitio23\/wp-json\/wp\/v2\/pages\/37\/revisions\/736"}],"wp:featuredmedia":[{"embeddable":true,"href":"https:\/\/galileo.edu.ar\/sitio23\/wp-json\/wp\/v2\/media\/450"}],"wp:attachment":[{"href":"https:\/\/galileo.edu.ar\/sitio23\/wp-json\/wp\/v2\/media?parent=37"}],"curies":[{"name":"wp","href":"https:\/\/api.w.org\/{rel}","templated":true}]}}