{"id":38,"date":"2023-03-02T17:30:27","date_gmt":"2023-03-02T17:30:27","guid":{"rendered":"https:\/\/galileo.edu.ar\/sitio23\/?page_id=38"},"modified":"2023-10-17T14:27:51","modified_gmt":"2023-10-17T14:27:51","slug":"programacion","status":"publish","type":"page","link":"https:\/\/galileo.edu.ar\/sitio23\/programacion\/","title":{"rendered":"Programaci\u00f3n"},"content":{"rendered":"\n<p>El T\u00e9cnico En Programaci\u00f3n Estar\u00e1 Capacitado Para:<\/p>\n\n\n\n<ul class=\"wp-block-list\">\n<li>Interpretar especificaciones de dise\u00f1o o requisitos de las asignaciones a programar.<\/li>\n\n\n\n<li>Planificar su trabajo y analizar estrategias para desarrollar la asignaci\u00f3n recibida.<\/li>\n\n\n\n<li>Producir programas, m\u00f3dulos o componetes de sistemas de computaci\u00f3n en el contexto de la tecnolog\u00eda a utilizar.<\/li>\n\n\n\n<li>Verificar el producto desarrollado.<\/li>\n\n\n\n<li>Depurar estructuras l\u00f3gicas o c\u00f3digos de programas.<\/li>\n\n\n\n<li>Realizar revisiones cruzadas de c\u00f3digos o de interfaces.<\/li>\n\n\n\n<li>Realizar la documentaci\u00f3n t\u00e9cnica y de usuarios de acuerdo con los requerimientos funcionales y t\u00e9cnicos de las aplicaciones y sistemas.<\/li>\n\n\n\n<li>Desempe\u00f1o de base. Esto implica conocer y saber utilizar con propiedad y en condiciones de seguridad recursos de hardware, software y redes para emplear los ambientes que necesite para el desarrollo y la verificaci\u00f3n del software, mantener los repositorios de informaci\u00f3n que necesite utilizar y disponer de los productos e su trabajo en condiciones de confiabilidad.<\/li>\n<\/ul>\n\n\n\n<hr class=\"wp-block-separator aligncenter has-alpha-channel-opacity\"\/>\n\n\n\n<div class=\"alignnormal\"><div id=\"metaslider-id-399\" style=\"width: 100%; margin: 0 auto;\" class=\"ml-slider-3-108-0 metaslider metaslider-flex metaslider-399 ml-slider has-dots-nav has-carousel-mode ms-theme-default\" role=\"region\" aria-label=\"Prog\" data-height=\"768\" data-width=\"1024\">\n    <div id=\"metaslider_container_399\">\n        <div id=\"metaslider_399\">\n            <ul class='slides'>\n                <li style=\"display: none; width: 100%;\" class=\"slide-404 ms-image \" aria-roledescription=\"slide\" data-date=\"2023-09-07 00:40:06\" data-filename=\"1-1-1024x768.jpg\" data-slide-type=\"image\"><img loading=\"lazy\" decoding=\"async\" src=\"https:\/\/galileo.edu.ar\/sitio23\/wp-content\/uploads\/2023\/09\/1-1-1024x768.jpg\" height=\"768\" width=\"1024\" alt=\"\" class=\"slider-399 slide-404 msDefaultImage\" title=\"1\" \/><\/li>\n                <li style=\"display: none; width: 100%;\" class=\"slide-405 ms-image \" aria-roledescription=\"slide\" data-date=\"2023-09-07 00:40:06\" data-filename=\"4-1-1024x768.jpg\" data-slide-type=\"image\"><img loading=\"lazy\" decoding=\"async\" src=\"https:\/\/galileo.edu.ar\/sitio23\/wp-content\/uploads\/2023\/09\/4-1-1024x768.jpg\" height=\"768\" width=\"1024\" alt=\"\" class=\"slider-399 slide-405 msDefaultImage\" title=\"4\" \/><\/li>\n                <li style=\"display: none; width: 100%;\" class=\"slide-406 ms-image \" aria-roledescription=\"slide\" data-date=\"2023-09-07 00:40:06\" data-filename=\"6-1-1024x768.jpg\" data-slide-type=\"image\"><img loading=\"lazy\" decoding=\"async\" src=\"https:\/\/galileo.edu.ar\/sitio23\/wp-content\/uploads\/2023\/09\/6-1-1024x768.jpg\" height=\"768\" width=\"1024\" alt=\"\" class=\"slider-399 slide-406 msDefaultImage\" title=\"6\" \/><\/li>\n                <li style=\"display: none; width: 100%;\" class=\"slide-407 ms-image \" aria-roledescription=\"slide\" data-date=\"2023-09-07 00:40:07\" data-filename=\"7-1-1024x768.jpg\" data-slide-type=\"image\"><img loading=\"lazy\" decoding=\"async\" src=\"https:\/\/galileo.edu.ar\/sitio23\/wp-content\/uploads\/2023\/09\/7-1-1024x768.jpg\" height=\"768\" width=\"1024\" alt=\"\" class=\"slider-399 slide-407 msDefaultImage\" title=\"7\" \/><\/li>\n            <\/ul>\n        <\/div>\n        \n    <\/div>\n<\/div><\/div>\n\n\n\n<h2 class=\"wp-block-heading\">Dise\u00f1o Curricular<\/h2>\n\n\n\n<div data-wp-interactive=\"core\/file\" class=\"wp-block-file\"><object data-wp-bind--hidden=\"!state.hasPdfPreview\" hidden class=\"wp-block-file__embed\" data=\"https:\/\/galileo.edu.ar\/sitio23\/wp-content\/uploads\/2023\/09\/CURRICULA-TEC-EN-PROGRAMACION.docx.pdf\" type=\"application\/pdf\" style=\"width:100%;height:600px\" aria-label=\"Incrustado de CURRICULA-TEC-EN-PROGRAMACION.docx.\"><\/object><a id=\"wp-block-file--media-745aeedf-3494-45e9-8994-60b3bc0f0480\" href=\"https:\/\/galileo.edu.ar\/sitio23\/wp-content\/uploads\/2023\/09\/CURRICULA-TEC-EN-PROGRAMACION.docx.pdf\">CURRICULA-TEC-EN-PROGRAMACION.docx<\/a><a href=\"https:\/\/galileo.edu.ar\/sitio23\/wp-content\/uploads\/2023\/09\/CURRICULA-TEC-EN-PROGRAMACION.docx.pdf\" class=\"wp-block-file__button wp-element-button\" download aria-describedby=\"wp-block-file--media-745aeedf-3494-45e9-8994-60b3bc0f0480\">Descarga<\/a><\/div>\n","protected":false},"excerpt":{"rendered":"<p>El T\u00e9cnico En Programaci\u00f3n Estar\u00e1 Capacitado Para: Dise\u00f1o Curricular<\/p>\n","protected":false},"author":1,"featured_media":448,"parent":0,"menu_order":0,"comment_status":"closed","ping_status":"closed","template":"","meta":{"_acf_changed":false,"footnotes":""},"class_list":["post-38","page","type-page","status-publish","has-post-thumbnail","hentry","entry"],"acf":[],"_links":{"self":[{"href":"https:\/\/galileo.edu.ar\/sitio23\/wp-json\/wp\/v2\/pages\/38","targetHints":{"allow":["GET"]}}],"collection":[{"href":"https:\/\/galileo.edu.ar\/sitio23\/wp-json\/wp\/v2\/pages"}],"about":[{"href":"https:\/\/galileo.edu.ar\/sitio23\/wp-json\/wp\/v2\/types\/page"}],"author":[{"embeddable":true,"href":"https:\/\/galileo.edu.ar\/sitio23\/wp-json\/wp\/v2\/users\/1"}],"replies":[{"embeddable":true,"href":"https:\/\/galileo.edu.ar\/sitio23\/wp-json\/wp\/v2\/comments?post=38"}],"version-history":[{"count":8,"href":"https:\/\/galileo.edu.ar\/sitio23\/wp-json\/wp\/v2\/pages\/38\/revisions"}],"predecessor-version":[{"id":570,"href":"https:\/\/galileo.edu.ar\/sitio23\/wp-json\/wp\/v2\/pages\/38\/revisions\/570"}],"wp:featuredmedia":[{"embeddable":true,"href":"https:\/\/galileo.edu.ar\/sitio23\/wp-json\/wp\/v2\/media\/448"}],"wp:attachment":[{"href":"https:\/\/galileo.edu.ar\/sitio23\/wp-json\/wp\/v2\/media?parent=38"}],"curies":[{"name":"wp","href":"https:\/\/api.w.org\/{rel}","templated":true}]}}