{"id":39,"date":"2023-03-02T17:30:27","date_gmt":"2023-03-02T17:30:27","guid":{"rendered":"https:\/\/galileo.edu.ar\/sitio23\/?page_id=39"},"modified":"2023-09-08T00:33:59","modified_gmt":"2023-09-08T00:33:59","slug":"nuestra-escuela","status":"publish","type":"page","link":"https:\/\/galileo.edu.ar\/sitio23\/nuestra-escuela\/","title":{"rendered":"Nuestra Escuela"},"content":{"rendered":"\n<h2 class=\"wp-block-heading alignwide has-text-align-left\">Nuestra Misi\u00f3n<\/h2>\n\n\n\n<div class=\"wp-block-columns alignwide is-layout-flex wp-container-core-columns-is-layout-9d6595d7 wp-block-columns-is-layout-flex\">\n<div class=\"wp-block-column is-layout-flow wp-block-column-is-layout-flow\" style=\"flex-basis:100%\">\n<p>Nuestra misi\u00f3n es promover la formaci\u00f3n de personas \u00edntegras, participes y activas en la sociedad a la que pertenecen, que aspiran al perfeccionamiento profesional y a la educaci\u00f3n permanente. La Escuela fue creada para responder a una necesidad creciente en la zona por nuevos establecimientos de formaci\u00f3n t\u00e9cnica, y desde sus inicios puso el foco en la Calidad y la Innovaci\u00f3n, siendo la primera en traer a la zona la Tecnicatura en Inform\u00e1tica, y presentando en 2014 la primera promoci\u00f3n de Tecnicatura en Multimedios. Confiando siempre en formar egresados altamente capaces de insertarse en el mundo profesional. Los alumnos pasan muchas horas del d\u00eda dentro del establecimiento y nos complace trabajar para que puedan sentir este lugar como su segunda casa. Por la calidad y el empe\u00f1o de todas las personas que lo forman, siempre dispuestas a brindar el m\u00e1ximo en todo lo que realizan.<\/p>\n<\/div>\n<\/div>\n\n\n\n<div class=\"wp-block-columns is-layout-flex wp-container-core-columns-is-layout-9d6595d7 wp-block-columns-is-layout-flex\">\n<div class=\"wp-block-column is-layout-flow wp-block-column-is-layout-flow\" style=\"flex-basis:100%\">\n<hr class=\"wp-block-separator has-alpha-channel-opacity\"\/>\n<\/div>\n<\/div>\n\n\n\n<h2 class=\"wp-block-heading alignwide\">Instalaciones y Equipamiento<\/h2>\n\n\n\n<div class=\"wp-block-columns alignwide is-layout-flex wp-container-core-columns-is-layout-9d6595d7 wp-block-columns-is-layout-flex\">\n<div class=\"wp-block-column is-layout-flow wp-block-column-is-layout-flow\" style=\"flex-basis:100%\">\n<p>La Escuela se encuentra equipada con proyectores, c\u00e1maras de video, variedad de micr\u00f3fonos, monitores de audio, controladores midi, luminaria profesional, software y hardware espec\u00edfico. Tenemos la posibilidad de realizar pr\u00e1cticas con routers, administraci\u00f3n de servidores, redes, telefon\u00eda IP y CCTV. Para todo esto cuenta con Laboratorios destinados a la formaci\u00f3n Cient\u00edfico Tecnol\u00f3gica, Sala de Video y Talleres para clases te\u00f3rico-pr\u00e1cticas.<\/p>\n<\/div>\n<\/div>\n\n\n\n<div class=\"wp-block-columns alignwide are-vertically-aligned-top has-black-color has-text-color has-background is-layout-flex wp-container-core-columns-is-layout-9d6595d7 wp-block-columns-is-layout-flex\" style=\"background-color:#0388cb\">\n<div class=\"wp-block-column is-vertically-aligned-top is-layout-flow wp-block-column-is-layout-flow\">\n<h3 class=\"wp-block-heading has-text-align-center\"><strong>Talleres Te\u00f3rico-Pr\u00e1cticos:<\/strong><\/h3>\n\n\n\n<ul class=\"wp-block-list\">\n<li class=\"has-small-font-size\">Carpinter\u00eda<\/li>\n\n\n\n<li class=\"has-small-font-size\">Sala de dibujo t\u00e9cnico CAD<\/li>\n\n\n\n<li class=\"has-small-font-size\">Aulas te\u00f3ricas<\/li>\n\n\n\n<li class=\"has-small-font-size\">Ajuste<\/li>\n\n\n\n<li class=\"has-small-font-size\">Electricidad<\/li>\n\n\n\n<li class=\"has-small-font-size\">Soldadura<\/li>\n<\/ul>\n<\/div>\n\n\n\n<div class=\"wp-block-column is-vertically-aligned-top is-layout-flow wp-block-column-is-layout-flow\">\n<h3 class=\"wp-block-heading has-text-align-center\"><strong>Laboratorios Equipados:<\/strong><\/h3>\n\n\n\n<ul class=\"wp-block-list\">\n<li class=\"has-small-font-size\">\u00c1reas de programaci\u00f3n<\/li>\n\n\n\n<li class=\"has-small-font-size\">Configuraci\u00f3n e instalaci\u00f3n de Sistemas Operativos<\/li>\n\n\n\n<li class=\"has-small-font-size\">Reparaci\u00f3n y configuraci\u00f3n de hardware<\/li>\n\n\n\n<li class=\"has-small-font-size\">Dise\u00f1o gr\u00e1fico y web<\/li>\n\n\n\n<li class=\"has-small-font-size\">Utilizaci\u00f3n de software de oficina<\/li>\n\n\n\n<li class=\"has-small-font-size\">Grabaci\u00f3n digital de audio<\/li>\n<\/ul>\n<\/div>\n<\/div>\n","protected":false},"excerpt":{"rendered":"<p>Nuestra Misi\u00f3n Nuestra misi\u00f3n es promover la formaci\u00f3n de personas \u00edntegras, participes y activas en la sociedad a la que pertenecen, que aspiran al perfeccionamiento profesional y a la educaci\u00f3n permanente. La Escuela fue creada para responder a una necesidad creciente en la zona por nuevos establecimientos de formaci\u00f3n t\u00e9cnica, y desde sus inicios puso&hellip; <a class=\"more-link\" href=\"https:\/\/galileo.edu.ar\/sitio23\/nuestra-escuela\/\">Seguir leyendo <span class=\"screen-reader-text\">Nuestra Escuela<\/span><\/a><\/p>\n","protected":false},"author":1,"featured_media":0,"parent":0,"menu_order":0,"comment_status":"closed","ping_status":"closed","template":"","meta":{"_acf_changed":false,"footnotes":""},"class_list":["post-39","page","type-page","status-publish","hentry","entry"],"acf":[],"_links":{"self":[{"href":"https:\/\/galileo.edu.ar\/sitio23\/wp-json\/wp\/v2\/pages\/39","targetHints":{"allow":["GET"]}}],"collection":[{"href":"https:\/\/galileo.edu.ar\/sitio23\/wp-json\/wp\/v2\/pages"}],"about":[{"href":"https:\/\/galileo.edu.ar\/sitio23\/wp-json\/wp\/v2\/types\/page"}],"author":[{"embeddable":true,"href":"https:\/\/galileo.edu.ar\/sitio23\/wp-json\/wp\/v2\/users\/1"}],"replies":[{"embeddable":true,"href":"https:\/\/galileo.edu.ar\/sitio23\/wp-json\/wp\/v2\/comments?post=39"}],"version-history":[{"count":4,"href":"https:\/\/galileo.edu.ar\/sitio23\/wp-json\/wp\/v2\/pages\/39\/revisions"}],"predecessor-version":[{"id":477,"href":"https:\/\/galileo.edu.ar\/sitio23\/wp-json\/wp\/v2\/pages\/39\/revisions\/477"}],"wp:attachment":[{"href":"https:\/\/galileo.edu.ar\/sitio23\/wp-json\/wp\/v2\/media?parent=39"}],"curies":[{"name":"wp","href":"https:\/\/api.w.org\/{rel}","templated":true}]}}